{"id":3294,"date":"2019-01-09T19:46:03","date_gmt":"2019-01-09T18:46:03","guid":{"rendered":"https:\/\/legos.io\/privacy-statements\/"},"modified":"2025-01-02T12:10:28","modified_gmt":"2025-01-02T11:10:28","slug":"privacy-statements","status":"publish","type":"page","link":"https:\/\/legos.io\/fr\/privacy-statements\/","title":{"rendered":"Donn\u00e9es personnelles"},"content":{"rendered":"<div id=\"pl-3294\"  class=\"panel-layout\" ><div id=\"pg-3294-0\"  class=\"panel-grid panel-has-style\" ><div class=\"panel-row-style panel-row-style-for-3294-0\" ><div id=\"pgc-3294-0-0\"  class=\"panel-grid-cell\" ><div id=\"panel-3294-0-0-0\" class=\"so-panel widget widget_text-widget panel-first-child panel-last-child\" data-index=\"0\" ><div\n\t\t\t\n\t\t\tclass=\"so-widget-text-widget so-widget-text-widget-text-widget-style-d75171398898-3294\"\n\t\t\t\n\t\t><div class=\"landing-text\">\n<p><strong>Malgr\u00e9 les pr\u00e9cautions prises lors de la production de ce site, des erreurs pourraient avoir \u00e9t\u00e9 commises dans l'information fournie ou les documents fournis. L'utilisateur du site doit, par cons\u00e9quent, effectuer les v\u00e9rifications n\u00e9cessaires, le producteur de ce site ne pouvant \u00eatre tenu pour responsable d'une quelconque erreur.<\/strong><\/p>\n<\/div><\/div><\/div><\/div><\/div><\/div><div id=\"pg-3294-1\"  class=\"panel-grid panel-has-style\" ><div class=\"panel-row-style panel-row-style-for-3294-1\" ><div id=\"pgc-3294-1-0\"  class=\"panel-grid-cell\" ><div id=\"panel-3294-1-0-0\" class=\"so-panel widget widget_text-widget panel-first-child panel-last-child\" data-index=\"1\" ><div\n\t\t\t\n\t\t\tclass=\"so-widget-text-widget so-widget-text-widget-text-widget-style-d75171398898-3294\"\n\t\t\t\n\t\t><div class=\"landing-text\">\n<h3>PRODUCTEUR DU SITE<\/h3>\n<p><strong>Legos -\u00a0LOCAL EXCHANGE GLOBAL OPERATION SERVICES<\/strong><\/p>\n<p>Adresses:<br \/>\n40 rue d'oradour sur glane - 75015 - PARIS - FRANCE<br \/>\nSiret : 44079998900015<br \/>\nTVA : FR46440799989<br \/>\nT\u00e9l\u00e9phone:\u00a0+33\u00a0(0) 1 75 85 00 00<br \/>\nResponsable publications : Elodie CHEN<\/p>\n<p>&nbsp;<\/p>\n<h3>H\u00c9B\u00c9ERG\u00c9 PAR<\/h3>\n<p>OVH<br \/>\nRCS : Roubaix \u2013 Tourcoing 424 761 419 00011<br \/>\nAPE Code : 6202A<br \/>\nRegistered office : 2, rue Kellerman, 59100 Roubaix.<\/p>\n<p>&nbsp;<\/p>\n<h3>DROIT<\/h3>\n<p>The presentation and the contents of this site together constitute a work protected by international agreements and current legislation on intellectual property, specifically copyright, unfair competition and trade marks. No reproduction or representation may take place without the written prior agreement of Legos.<\/p>\n<\/div><\/div><\/div><\/div><\/div><\/div><\/div>","protected":false},"excerpt":{"rendered":"<p>Malgr\u00e9 les pr\u00e9cautions prises lors de la production de ce site, des erreurs pourraient avoir \u00e9t\u00e9 commises dans l&rsquo;information fournie ou les documents fournis. L&rsquo;utilisateur du site doit, par cons\u00e9quent, effectuer les v\u00e9rifications n\u00e9cessaires, le producteur de ce site ne pouvant \u00eatre tenu pour responsable d&rsquo;une quelconque erreur. PRODUCTEUR DU SITE Legos &#8211;\u00a0LOCAL EXCHANGE GLOBAL [&hellip;]<\/p>\n","protected":false},"author":11,"featured_media":1776,"parent":0,"menu_order":0,"comment_status":"closed","ping_status":"closed","template":"landing.php","meta":{"_monsterinsights_skip_tracking":false,"_monsterinsights_sitenote_active":false,"_monsterinsights_sitenote_note":"","_monsterinsights_sitenote_category":0,"footnotes":""},"aioseo_notices":[],"_links":{"self":[{"href":"https:\/\/legos.io\/fr\/wp-json\/wp\/v2\/pages\/3294"}],"collection":[{"href":"https:\/\/legos.io\/fr\/wp-json\/wp\/v2\/pages"}],"about":[{"href":"https:\/\/legos.io\/fr\/wp-json\/wp\/v2\/types\/page"}],"author":[{"embeddable":true,"href":"https:\/\/legos.io\/fr\/wp-json\/wp\/v2\/users\/11"}],"replies":[{"embeddable":true,"href":"https:\/\/legos.io\/fr\/wp-json\/wp\/v2\/comments?post=3294"}],"version-history":[{"count":4,"href":"https:\/\/legos.io\/fr\/wp-json\/wp\/v2\/pages\/3294\/revisions"}],"predecessor-version":[{"id":42784,"href":"https:\/\/legos.io\/fr\/wp-json\/wp\/v2\/pages\/3294\/revisions\/42784"}],"wp:featuredmedia":[{"embeddable":true,"href":"https:\/\/legos.io\/fr\/wp-json\/wp\/v2\/media\/1776"}],"wp:attachment":[{"href":"https:\/\/legos.io\/fr\/wp-json\/wp\/v2\/media?parent=3294"}],"curies":[{"name":"wp","href":"https:\/\/api.w.org\/{rel}","templated":true}]}}