{"id":3285,"date":"2019-01-17T18:11:36","date_gmt":"2019-01-17T17:11:36","guid":{"rendered":"https:\/\/legos.io\/credits\/"},"modified":"2025-09-04T19:02:59","modified_gmt":"2025-09-04T17:02:59","slug":"credits","status":"publish","type":"page","link":"https:\/\/legos.io\/fr\/credits\/","title":{"rendered":"Cr\u00e9dits"},"content":{"rendered":"<div id=\"pl-3285\"  class=\"panel-layout\" ><div id=\"pg-3285-0\"  class=\"panel-grid panel-has-style\" ><div class=\"panel-row-style panel-row-style-for-3285-0\" ><div id=\"pgc-3285-0-0\"  class=\"panel-grid-cell\" ><div id=\"panel-3285-0-0-0\" class=\"so-panel widget widget_text-widget panel-first-child panel-last-child\" data-index=\"0\" ><div\n\t\t\t\n\t\t\tclass=\"so-widget-text-widget so-widget-text-widget-text-widget-style-d75171398898-3285\"\n\t\t\t\n\t\t><div class=\"landing-text\">\n<h3>Design et conception<\/h3>\n<p>Photos: <a href=\"http:\/\/www.laurentpaillier.net\/wordpress\/\">Laurent Paillier<\/a> (photos d'\u00e9quipe sur fond blanc) \/ Jean-baptiste Charles (Photos dans les bureaux) \/ Getty images<\/p>\n<p>Video: Vialis par\u00a0<a href=\"http:\/\/www.maxencemoi.fr\/\">Maxence Moi<\/a>.<\/p>\n<p>Certains graphismes ont \u00e9t\u00e9 r\u00e9alis\u00e9s par\u00a0<a href=\"https:\/\/fr.freepik.com\/\">Freepik.com<\/a><\/p>\n<\/div><\/div><\/div><\/div><\/div><\/div><div id=\"pg-3285-1\"  class=\"panel-grid panel-no-style\" ><div id=\"pgc-3285-1-0\"  class=\"panel-grid-cell\" ><div id=\"panel-3285-1-0-0\" class=\"so-panel widget widget_more-blog-widget panel-first-child panel-last-child\" data-index=\"1\" ><div\n\t\t\t\n\t\t\tclass=\"so-widget-more-blog-widget so-widget-more-blog-widget-more-blog-widget-style-d75171398898-3285\"\n\t\t\t\n\t\t>\n\n\n<div class=\"more_blog\">\t\n\t\t<h3>Unlock the power of telecoms :<\/h3>\n\t\t<h4 class=\"gradient-txt\">Notre blog<\/h4>\n\t<div class=\"row no-gutters\" style=\"height: 100%;\">\n\t\t\t\t\t  \t\t\t\t\t\t\t<div class=\"blog-elm col-sm-6 lazyload\" style=\"background-image:inherit\" data-bg-image=\"url(https:\/\/legos.io\/wp-content\/uploads\/2019\/01\/Header-start-up.jpg)\">\n\t\t\t<div>\n\t\t\t\t<a href=\"https:\/\/legos.io\/fr\/3-start-ups-using-telecoms-cleverly\/\" class=\"blog-link\"><\/a>\n\t\t\t\t<h5><a href=\"https:\/\/legos.io\/fr\/3-start-ups-using-telecoms-cleverly\/\">3 start-ups utilisant le pouvoir des T\u00e9l\u00e9coms<\/a><\/h5>\n\t\t\t\t<div class=\"w-100\"><\/div>\n\t\t\t\t<time class=\"datetime\" datetime=\"2019-01-14 19:25\">14 janvier 2019<\/time>\n\t\t\t\t<div class=\"w-100\"><\/div>\n\t\t\t\t\t\t\t\t\t\t<ul>\n\t\t\t\t\t\t\t\t\t\t<li><a href=\"\">#POWER OF TELECOMS<\/a><\/li>\n\t\t\t\t\t\t\t\t\t\t<li><a href=\"\">#sms<\/a><\/li>\n\t\t\t\t\t\t\t\t\t\t<li><a href=\"\">#voice<\/a><\/li>\n\t\t\t\t\t\t\t\t\t\t<li><a href=\"\">#voix<\/a><\/li>\n\t\t\t\t\t\t\t\t\t<\/ul>\n\t\t\t\t\t\t<\/div>\n\t\t<\/div>\n\t\t\t\t\t  \t\t\t\t\t\t\t<div class=\"blog-elm col-sm-6 lazyload\" style=\"background-image:inherit\" data-bg-image=\"url(https:\/\/legos.io\/wp-content\/uploads\/2019\/01\/Header-will-whatsapp-kill-the-sms.jpg)\">\n\t\t\t<div>\n\t\t\t\t<a href=\"https:\/\/legos.io\/fr\/will-whatsapp-kill-the-sms\/\" class=\"blog-link\"><\/a>\n\t\t\t\t<h5><a href=\"https:\/\/legos.io\/fr\/will-whatsapp-kill-the-sms\/\">Whatsapp tuera-t-il le SMS?<\/a><\/h5>\n\t\t\t\t<div class=\"w-100\"><\/div>\n\t\t\t\t<time class=\"datetime\" datetime=\"2019-01-11 12:53\">11 janvier 2019<\/time>\n\t\t\t\t<div class=\"w-100\"><\/div>\n\t\t\t\t\t\t\t\t\t\t<ul>\n\t\t\t\t\t\t\t\t\t\t<li><a href=\"\">#GAFAMvsOp\u00e9rateurs<\/a><\/li>\n\t\t\t\t\t\t\t\t\t\t<li><a href=\"\">#sms<\/a><\/li>\n\t\t\t\t\t\t\t\t\t<\/ul>\n\t\t\t\t\t\t<\/div>\n\t\t<\/div>\n\t\t<\/div>\n\t<\/div>\n<\/div><\/div><\/div><\/div><\/div>","protected":false},"excerpt":{"rendered":"<p>Design et conception Photos: Laurent Paillier (photos d&rsquo;\u00e9quipe sur fond blanc) \/ Jean-baptiste Charles (Photos dans les bureaux) \/ Getty images Video: Vialis par\u00a0Maxence Moi. Certains graphismes ont \u00e9t\u00e9 r\u00e9alis\u00e9s par\u00a0Freepik.com Unlock the power of telecoms : Notre blog 3 start-ups utilisant le pouvoir des T\u00e9l\u00e9coms 14 janvier 2019 #POWER OF TELECOMS #sms #voice #voix [&hellip;]<\/p>\n","protected":false},"author":11,"featured_media":1780,"parent":0,"menu_order":0,"comment_status":"closed","ping_status":"closed","template":"landing.php","meta":{"_monsterinsights_skip_tracking":false,"_monsterinsights_sitenote_active":false,"_monsterinsights_sitenote_note":"","_monsterinsights_sitenote_category":0,"footnotes":""},"aioseo_notices":[],"_links":{"self":[{"href":"https:\/\/legos.io\/fr\/wp-json\/wp\/v2\/pages\/3285"}],"collection":[{"href":"https:\/\/legos.io\/fr\/wp-json\/wp\/v2\/pages"}],"about":[{"href":"https:\/\/legos.io\/fr\/wp-json\/wp\/v2\/types\/page"}],"author":[{"embeddable":true,"href":"https:\/\/legos.io\/fr\/wp-json\/wp\/v2\/users\/11"}],"replies":[{"embeddable":true,"href":"https:\/\/legos.io\/fr\/wp-json\/wp\/v2\/comments?post=3285"}],"version-history":[{"count":1,"href":"https:\/\/legos.io\/fr\/wp-json\/wp\/v2\/pages\/3285\/revisions"}],"predecessor-version":[{"id":43547,"href":"https:\/\/legos.io\/fr\/wp-json\/wp\/v2\/pages\/3285\/revisions\/43547"}],"wp:featuredmedia":[{"embeddable":true,"href":"https:\/\/legos.io\/fr\/wp-json\/wp\/v2\/media\/1780"}],"wp:attachment":[{"href":"https:\/\/legos.io\/fr\/wp-json\/wp\/v2\/media?parent=3285"}],"curies":[{"name":"wp","href":"https:\/\/api.w.org\/{rel}","templated":true}]}}