{"id":3194,"date":"2019-01-14T15:27:30","date_gmt":"2019-01-14T14:27:30","guid":{"rendered":"https:\/\/legos.io\/who-we-are\/"},"modified":"2024-01-30T17:32:13","modified_gmt":"2024-01-30T16:32:13","slug":"who-we-are","status":"publish","type":"page","link":"https:\/\/legos.io\/fr\/who-we-are\/","title":{"rendered":"Qui sommes-nous ?"},"content":{"rendered":"<div id=\"pl-3194\"  class=\"panel-layout\" ><div id=\"pg-3194-0\"  class=\"panel-grid panel-no-style\" ><div id=\"pgc-3194-0-0\"  class=\"panel-grid-cell\" ><div id=\"panel-3194-0-0-0\" class=\"so-panel widget widget_image-text-widget panel-first-child panel-last-child\" data-index=\"0\" ><div\n\t\t\t\n\t\t\tclass=\"so-widget-image-text-widget so-widget-image-text-widget-image-text-widget-style-d75171398898-3194\"\n\t\t\t\n\t\t><div class=\"row no-gutters image-right\">\n\t\t<div class=\"col-sm image-text\"><h3>Notre histoire<\/h3>\n<p><em>En 2002, Legos est n\u00e9 d'une id\u00e9e simple mais puissante : rendre les t\u00e9l\u00e9communications accessibles \u00e0 tous. En anticipant l'impact transformateur du protocole SIP et en s'inspirant de l'\u00e9quilibre entre 'Penser Global, Agir Local', nous nous sommes lanc\u00e9s dans un voyage. 'Abattre les Fronti\u00e8res' est devenu notre \u00e9toile guide alors que nous imaginions une plateforme convergente pour la voix fixe et mobile, les SMS et les data. Aujourd'hui, notre histoire est celle de l'innovation et de la connectivit\u00e9, alors que nous continuons \u00e0 construire des ponts et \u00e0 fa\u00e7onner l'avenir de la communication en Europe. <\/em><\/p>\n<p><em>- Pascal Prot, CEO<\/em><\/p>\n<p>&nbsp;<\/p>\n<p>&nbsp;<\/p>\n<\/div>\n\t<div class=\"col-sm\" data-aos=\"fade-left\"><img decoding=\"async\" width=\"506\" height=\"506\" data-src=\"https:\/\/legos.io\/wp-content\/uploads\/2022\/03\/legos_whoweare_pp.jpg\" class=\"attachment-full size-full lazyload\" alt=\"\" data-srcset=\"https:\/\/legos.io\/wp-content\/uploads\/2022\/03\/legos_whoweare_pp.jpg 506w, https:\/\/legos.io\/wp-content\/uploads\/2022\/03\/legos_whoweare_pp-300x300.jpg 300w, https:\/\/legos.io\/wp-content\/uploads\/2022\/03\/legos_whoweare_pp-150x150.jpg 150w\" data-sizes=\"(max-width: 506px) 100vw, 506px\" src=\"data:image\/svg+xml;base64,PHN2ZyB3aWR0aD0iMSIgaGVpZ2h0PSIxIiB4bWxucz0iaHR0cDovL3d3dy53My5vcmcvMjAwMC9zdmciPjwvc3ZnPg==\" style=\"--smush-placeholder-width: 506px; --smush-placeholder-aspect-ratio: 506\/506;\" \/><\/div>\n\t<\/div>\n<\/div><\/div><\/div><\/div><div id=\"pg-3194-1\"  class=\"panel-grid panel-no-style\" ><div id=\"pgc-3194-1-0\"  class=\"panel-grid-cell\" ><div id=\"panel-3194-1-0-0\" class=\"so-panel widget widget_image-text-widget panel-first-child\" data-index=\"1\" ><div\n\t\t\t\n\t\t\tclass=\"so-widget-image-text-widget so-widget-image-text-widget-image-text-widget-style-d75171398898-3194\"\n\t\t\t\n\t\t><div class=\"row no-gutters image-left\">\n\t\t<div class=\"col-sm\" data-aos=\"fade-right\"><img decoding=\"async\" width=\"506\" height=\"747\" data-src=\"https:\/\/legos.io\/wp-content\/uploads\/2023\/12\/legos-who-we-are-our-mission.jpg\" class=\"attachment-full size-full lazyload\" alt=\"\" data-srcset=\"https:\/\/legos.io\/wp-content\/uploads\/2023\/12\/legos-who-we-are-our-mission.jpg 506w, https:\/\/legos.io\/wp-content\/uploads\/2023\/12\/legos-who-we-are-our-mission-203x300.jpg 203w\" data-sizes=\"(max-width: 506px) 100vw, 506px\" src=\"data:image\/svg+xml;base64,PHN2ZyB3aWR0aD0iMSIgaGVpZ2h0PSIxIiB4bWxucz0iaHR0cDovL3d3dy53My5vcmcvMjAwMC9zdmciPjwvc3ZnPg==\" style=\"--smush-placeholder-width: 506px; --smush-placeholder-aspect-ratio: 506\/747;\" \/><\/div>\n\t<div class=\"col-sm image-text\"><h3>Notre mission<\/h3>\n<p><strong>\"Aller au-del\u00e0 des fronti\u00e8res t\u00e9l\u00e9coms, connecter l'Europe ensemble.\"<\/strong><\/p>\n<p>De nouvelles id\u00e9es font avancer les t\u00e9l\u00e9communications et nous rapprochent. Chez Legos, nous honorons les pionniers tout en guidant le chemin \u00e0 venir.<br \/>\nNous nous positionnons comme le pont lib\u00e9rant la puissance des t\u00e9l\u00e9communications pour les visionnaires. Nous offrons des outils et des conseils, partageant notre infrastructure, notre exp\u00e9rience et notre passion avec ceux qui ont le courage d'innover.<\/p>\n<p>&nbsp;<\/p>\n<p>&nbsp;<\/p>\n<\/div>\n\t<\/div>\n<\/div><\/div><div id=\"panel-3194-1-0-1\" class=\"so-panel widget widget_slider-widget panel-last-child\" data-index=\"2\" ><div\n\t\t\t\n\t\t\tclass=\"so-widget-slider-widget so-widget-slider-widget-slider-widget-style-d75171398898-3194\"\n\t\t\t\n\t\t><div class=\"ourvalues\">\n\t<div class=\"clearfix\">\n\t\t<div class=\"jcarousel-wrapper1\">\n\t\t\t<a href=\"\" class=\"jcarousel-prev\">PREV<\/a>\n\t\t\t<a href=\"\" class=\"jcarousel-next\">NEXT<\/a>\n\t\t\t<div class=\"jcarousel\">\n\t\t\t\t<ul>\n\t\t\t\t\t\t\t\t\t\t<li>\n\t\t\t\t\t\t\t\t\t\t\t\t<img decoding=\"async\" data-src=\"https:\/\/legos.io\/wp-content\/uploads\/2023\/12\/value-1.jpg\" alt=\"\" src=\"data:image\/svg+xml;base64,PHN2ZyB3aWR0aD0iMSIgaGVpZ2h0PSIxIiB4bWxucz0iaHR0cDovL3d3dy53My5vcmcvMjAwMC9zdmciPjwvc3ZnPg==\" class=\"lazyload\" style=\"--smush-placeholder-width: 900px; --smush-placeholder-aspect-ratio: 900\/601;\" \/>\n\t\t\t\t\t<\/li>\n\t\t\t\t\t\t\t\t\t\t<li>\n\t\t\t\t\t\t\t\t\t\t\t\t<img decoding=\"async\" data-src=\"https:\/\/legos.io\/wp-content\/uploads\/2023\/12\/value-2.jpg\" alt=\"\" src=\"data:image\/svg+xml;base64,PHN2ZyB3aWR0aD0iMSIgaGVpZ2h0PSIxIiB4bWxucz0iaHR0cDovL3d3dy53My5vcmcvMjAwMC9zdmciPjwvc3ZnPg==\" class=\"lazyload\" style=\"--smush-placeholder-width: 900px; --smush-placeholder-aspect-ratio: 900\/601;\" \/>\n\t\t\t\t\t<\/li>\n\t\t\t\t\t\t\t\t\t\t<li>\n\t\t\t\t\t\t\t\t\t\t\t\t<img decoding=\"async\" data-src=\"https:\/\/legos.io\/wp-content\/uploads\/2023\/12\/value-3.jpg\" alt=\"\" src=\"data:image\/svg+xml;base64,PHN2ZyB3aWR0aD0iMSIgaGVpZ2h0PSIxIiB4bWxucz0iaHR0cDovL3d3dy53My5vcmcvMjAwMC9zdmciPjwvc3ZnPg==\" class=\"lazyload\" style=\"--smush-placeholder-width: 900px; --smush-placeholder-aspect-ratio: 900\/601;\" \/>\n\t\t\t\t\t<\/li>\n\t\t\t\t\t\t\t\t\t\t<li>\n\t\t\t\t\t\t\t\t\t\t\t\t<img decoding=\"async\" data-src=\"https:\/\/legos.io\/wp-content\/uploads\/2023\/12\/value-4.jpg\" alt=\"\" src=\"data:image\/svg+xml;base64,PHN2ZyB3aWR0aD0iMSIgaGVpZ2h0PSIxIiB4bWxucz0iaHR0cDovL3d3dy53My5vcmcvMjAwMC9zdmciPjwvc3ZnPg==\" class=\"lazyload\" style=\"--smush-placeholder-width: 900px; --smush-placeholder-aspect-ratio: 900\/601;\" \/>\n\t\t\t\t\t<\/li>\n\t\t\t\t\t\t\t\t\t\t<li>\n\t\t\t\t\t\t\t\t\t\t\t\t<img decoding=\"async\" data-src=\"https:\/\/legos.io\/wp-content\/uploads\/2023\/12\/value-5.jpg\" alt=\"\" src=\"data:image\/svg+xml;base64,PHN2ZyB3aWR0aD0iMSIgaGVpZ2h0PSIxIiB4bWxucz0iaHR0cDovL3d3dy53My5vcmcvMjAwMC9zdmciPjwvc3ZnPg==\" class=\"lazyload\" style=\"--smush-placeholder-width: 900px; --smush-placeholder-aspect-ratio: 900\/601;\" \/>\n\t\t\t\t\t<\/li>\n\t\t\t\t\t\t\t\t\t<\/ul>\n\t\t\t<\/div>\n\t\t<\/div>\n\n\t\t<div class=\"jcarousel-wrapper2 right\">\n\t\t\t<div class=\"jcarousel2\">\n\t\t\t\t<ul>\n\t\t\t\t\t\t\t\t\t\t<li>\n\t\t\t\t\t\t<h3>Valeur #1<\/h3>\n<p><strong>Ouvert sur le monde<\/strong><\/p>\n<p>Nous sommes internationaux par essence. Nos \u00e9quipes sont de tous \u00e2ges et de toutes nationalit\u00e9s.<\/p>\n\t\t\t\t\t<\/li>\n\t\t\t\t\t\t\t\t\t\t<li>\n\t\t\t\t\t\t<h3>Valeur #2<\/h3>\n<p><strong>Qualit\u00e9<\/strong><\/p>\n<p>Nous sommes une \u00e9quipe de sp\u00e9cialistes dont la fiabilit\u00e9 et la qualit\u00e9 sont les valeurs cardinales. Nous sommes des partenaires, pas des fournisseurs.<\/p>\n\t\t\t\t\t<\/li>\n\t\t\t\t\t\t\t\t\t\t<li>\n\t\t\t\t\t\t<h3>Valeur #3<\/h3>\n<p><strong>Agilit\u00e9<\/strong><\/p>\n<p>Nous sommes une \u00e9quipe resserr\u00e9e et avons cr\u00e9\u00e9 une infrastructure flexible pour pouvoir mettre en place rapidement les projets de nos clients.<\/p>\n\t\t\t\t\t<\/li>\n\t\t\t\t\t\t\t\t\t\t<li>\n\t\t\t\t\t\t<h3>Valeur #4<\/h3>\n<p><strong>Audace<\/strong><\/p>\n<p>Nous avons de grandes ambitions, la plus grande \u00e9tant de devenir op\u00e9rateur dans tous les pays du monde. L'audace est au c\u0153ur de notre esprit d'innovation.<\/p>\n\t\t\t\t\t<\/li>\n\t\t\t\t\t\t\t\t\t\t<li>\n\t\t\t\t\t\t<h3>Valeur #5<\/h3>\n<p><strong>Fun<\/strong><\/p>\n<p>Nos serveurs ont des noms de personnages de Star Wars, nous jouons au flipper \u00e0 midi, nous savons que le meilleur canal de communication reste une table de bar.<\/p>\n\t\t\t\t\t<\/li>\n\t\t\t\t\t\t\t\t\t<\/ul>\n\t\t\t<\/div>\n\t\t<\/div>\n\t<\/div>\n<\/div><\/div><\/div><\/div><\/div><\/div>","protected":false},"excerpt":{"rendered":"<p>Notre histoire En 2002, Legos est n\u00e9 d&rsquo;une id\u00e9e simple mais puissante : rendre les t\u00e9l\u00e9communications accessibles \u00e0 tous. En anticipant l&rsquo;impact transformateur du protocole SIP et en s&rsquo;inspirant de l&rsquo;\u00e9quilibre entre &lsquo;Penser Global, Agir Local&rsquo;, nous nous sommes lanc\u00e9s dans un voyage. &lsquo;Abattre les Fronti\u00e8res&rsquo; est devenu notre \u00e9toile guide alors que nous imaginions [&hellip;]<\/p>\n","protected":false},"author":11,"featured_media":43862,"parent":0,"menu_order":0,"comment_status":"closed","ping_status":"closed","template":"whoweare.php","meta":{"_monsterinsights_skip_tracking":false,"_monsterinsights_sitenote_active":false,"_monsterinsights_sitenote_note":"","_monsterinsights_sitenote_category":0,"footnotes":""},"aioseo_notices":[],"_links":{"self":[{"href":"https:\/\/legos.io\/fr\/wp-json\/wp\/v2\/pages\/3194"}],"collection":[{"href":"https:\/\/legos.io\/fr\/wp-json\/wp\/v2\/pages"}],"about":[{"href":"https:\/\/legos.io\/fr\/wp-json\/wp\/v2\/types\/page"}],"author":[{"embeddable":true,"href":"https:\/\/legos.io\/fr\/wp-json\/wp\/v2\/users\/11"}],"replies":[{"embeddable":true,"href":"https:\/\/legos.io\/fr\/wp-json\/wp\/v2\/comments?post=3194"}],"version-history":[{"count":0,"href":"https:\/\/legos.io\/fr\/wp-json\/wp\/v2\/pages\/3194\/revisions"}],"wp:featuredmedia":[{"embeddable":true,"href":"https:\/\/legos.io\/fr\/wp-json\/wp\/v2\/media\/43862"}],"wp:attachment":[{"href":"https:\/\/legos.io\/fr\/wp-json\/wp\/v2\/media?parent=3194"}],"curies":[{"name":"wp","href":"https:\/\/api.w.org\/{rel}","templated":true}]}}